{"id":24,"date":"2024-08-07T12:21:42","date_gmt":"2024-08-07T12:21:42","guid":{"rendered":"https:\/\/mvcleanservice.at\/?page_id=24"},"modified":"2024-08-11T21:12:19","modified_gmt":"2024-08-11T21:12:19","slug":"ueber-uns","status":"publish","type":"page","link":"https:\/\/mvcleanservice.at\/index.php\/ueber-uns\/","title":{"rendered":"\u00dcber uns"},"content":{"rendered":"\n<div class=\"wp-block-group alignfull has-background-secondary-background-color has-background is-layout-constrained wp-container-core-group-is-layout-955c507f wp-block-group-is-layout-constrained\" style=\"padding-top:100px;padding-right:30px;padding-bottom:100px;padding-left:30px\">\n<div class=\"wp-block-group alignwide is-layout-constrained wp-block-group-is-layout-constrained\">\n<div class=\"wp-block-columns alignwide are-vertically-aligned-center is-layout-flex wp-container-core-columns-is-layout-08a2a807 wp-block-columns-is-layout-flex\">\n<div class=\"wp-block-column is-vertically-aligned-center is-layout-flow wp-block-column-is-layout-flow\" style=\"padding-top:0;padding-right:0;padding-bottom:0;padding-left:0\">\n<div class=\"wp-block-group is-layout-flow wp-block-group-is-layout-flow\" style=\"padding-top:0rem;padding-right:var(--wp--preset--spacing--20);padding-bottom:0rem;padding-left:var(--wp--preset--spacing--20)\">\n<h2 class=\"wp-block-heading\"><strong>Willkommen bei MVCleanService!<\/strong><\/h2>\n\n\n\n<p>Seit unserer Gr\u00fcndung im Jahr 2024 sind wir Ihr zuverl\u00e4ssiger Partner f\u00fcr professionelle Reinigungsdienstleistungen. Unser Ziel ist es, Ihnen eine Reinigungserfahrung zu bieten, die durch Qualit\u00e4t, Transparenz und Zuverl\u00e4ssigkeit besticht.<\/p>\n\n\n\n<p><strong>Unsere Mission:<\/strong><br>Wir setzen auf h\u00f6chste Reinigungsstandards und umweltfreundliche Produkte, um Ihre R\u00e4umlichkeiten in bestem Zustand zu halten.<\/p>\n\n\n\n<p><strong>Warum MVCleanService?<\/strong><\/p>\n\n\n\n<ul class=\"wp-block-list\">\n<li><strong>Zuverl\u00e4ssigkeit:<\/strong> P\u00fcnktlichkeit und Verl\u00e4sslichkeit sind f\u00fcr uns selbstverst\u00e4ndlich.<\/li>\n\n\n\n<li><strong>Transparenz:<\/strong> Keine versteckten Kosten \u2013 klare Preisgestaltung.<\/li>\n\n\n\n<li><strong>Kundenorientierung:<\/strong> Ihre Zufriedenheit steht bei uns an erster Stelle.<\/li>\n<\/ul>\n\n\n\n<p>Kontaktieren Sie uns noch heute und erleben Sie den Unterschied. MVCleanService \u2013 wir bringen Glanz in Ihr Leben!<\/p>\n\n\n\n<hr class=\"wp-block-separator has-alpha-channel-opacity\"\/>\n<\/div>\n<\/div>\n\n\n\n<div class=\"wp-block-column is-vertically-aligned-center is-layout-flow wp-block-column-is-layout-flow\">\n<div class=\"wp-block-group is-layout-constrained wp-block-group-is-layout-constrained\">\n<div class=\"wp-block-cover\" style=\"min-height:100vh;aspect-ratio:unset;\"><span aria-hidden=\"true\" class=\"wp-block-cover__background has-background-dim-0 has-background-dim\" style=\"background-color:#554836\"><\/span><img loading=\"lazy\" decoding=\"async\" width=\"2560\" height=\"1706\" class=\"wp-block-cover__image-background wp-image-257\" alt=\"\" src=\"http:\/\/mvcleanservice.at\/wp-content\/uploads\/2024\/08\/gil-ribeiro-3hO8igCybds-unsplash-scaled.jpg\" data-object-fit=\"cover\" srcset=\"https:\/\/mvcleanservice.at\/wp-content\/uploads\/2024\/08\/gil-ribeiro-3hO8igCybds-unsplash-scaled.jpg 2560w, https:\/\/mvcleanservice.at\/wp-content\/uploads\/2024\/08\/gil-ribeiro-3hO8igCybds-unsplash-300x200.jpg 300w, https:\/\/mvcleanservice.at\/wp-content\/uploads\/2024\/08\/gil-ribeiro-3hO8igCybds-unsplash-1024x683.jpg 1024w, https:\/\/mvcleanservice.at\/wp-content\/uploads\/2024\/08\/gil-ribeiro-3hO8igCybds-unsplash-768x512.jpg 768w, https:\/\/mvcleanservice.at\/wp-content\/uploads\/2024\/08\/gil-ribeiro-3hO8igCybds-unsplash-1536x1024.jpg 1536w, https:\/\/mvcleanservice.at\/wp-content\/uploads\/2024\/08\/gil-ribeiro-3hO8igCybds-unsplash-2048x1365.jpg 2048w\" sizes=\"auto, (max-width: 2560px) 100vw, 2560px\" \/><div class=\"wp-block-cover__inner-container is-layout-constrained wp-block-cover-is-layout-constrained\">\n<p class=\"has-text-align-center has-large-font-size\"><\/p>\n<\/div><\/div>\n<\/div>\n<\/div>\n<\/div>\n<\/div>\n<\/div>\n","protected":false},"excerpt":{"rendered":"<p>Willkommen bei MVCleanService! Seit unserer Gr\u00fcndung im Jahr 2024 sind wir Ihr zuverl\u00e4ssiger Partner f\u00fcr professionelle Reinigungsdienstleistungen. Unser Ziel ist es, Ihnen eine Reinigungserfahrung zu bieten, die durch Qualit\u00e4t, Transparenz und Zuverl\u00e4ssigkeit besticht. Unsere Mission:Wir setzen auf h\u00f6chste Reinigungsstandards und umweltfreundliche Produkte, um Ihre R\u00e4umlichkeiten in bestem Zustand zu halten. Warum MVCleanService? Kontaktieren Sie uns [&hellip;]<\/p>\n","protected":false},"author":2,"featured_media":0,"parent":0,"menu_order":0,"comment_status":"closed","ping_status":"closed","template":"page-no-title","meta":{"footnotes":""},"class_list":["post-24","page","type-page","status-publish","hentry"],"_links":{"self":[{"href":"https:\/\/mvcleanservice.at\/index.php\/wp-json\/wp\/v2\/pages\/24","targetHints":{"allow":["GET"]}}],"collection":[{"href":"https:\/\/mvcleanservice.at\/index.php\/wp-json\/wp\/v2\/pages"}],"about":[{"href":"https:\/\/mvcleanservice.at\/index.php\/wp-json\/wp\/v2\/types\/page"}],"author":[{"embeddable":true,"href":"https:\/\/mvcleanservice.at\/index.php\/wp-json\/wp\/v2\/users\/2"}],"replies":[{"embeddable":true,"href":"https:\/\/mvcleanservice.at\/index.php\/wp-json\/wp\/v2\/comments?post=24"}],"version-history":[{"count":11,"href":"https:\/\/mvcleanservice.at\/index.php\/wp-json\/wp\/v2\/pages\/24\/revisions"}],"predecessor-version":[{"id":410,"href":"https:\/\/mvcleanservice.at\/index.php\/wp-json\/wp\/v2\/pages\/24\/revisions\/410"}],"wp:attachment":[{"href":"https:\/\/mvcleanservice.at\/index.php\/wp-json\/wp\/v2\/media?parent=24"}],"curies":[{"name":"wp","href":"https:\/\/api.w.org\/{rel}","templated":true}]}}